{"id":6396,"date":"2025-03-07T10:55:56","date_gmt":"2025-03-07T09:55:56","guid":{"rendered":"https:\/\/www.agriturismosummer.eu\/privacy\/"},"modified":"2025-03-11T15:42:19","modified_gmt":"2025-03-11T14:42:19","slug":"privacy","status":"publish","type":"page","link":"https:\/\/www.agriturismosummer.eu\/en\/privacy\/","title":{"rendered":"Privacy"},"content":{"rendered":"<div class=\"wpb-content-wrapper\"><p>[vc_row row_content_width=&#8221;grid&#8221; css=&#8221;.vc_custom_1740060710731{padding-bottom: 20px !important;}&#8221;][vc_column width=&#8221;1\/3&#8243;]<div class=\"eltd-elements-holder   eltd-one-column  eltd-responsive-mode-768 \" ><div class=\"eltd-eh-item    \"  data-item-class=\"eltd-eh-custom-5702\" data-768-1024=\"0 14% 0 0\">\n\t<div class=\"eltd-eh-item-inner\">\n\t\t<div class=\"eltd-eh-item-content eltd-eh-custom-5702\" style=\"padding: 0 0 0 0\">\n\t\t\t[vc_column_text]<\/p>\n<h3 style=\"font-weight: bold;\">Informativa ex art. 13 D.lgs. 196\/2003 &#8211;<\/h3>\n<p>[\/vc_column_text][vc_column_text]<\/p>\n<h3 style=\"margin-top: 0;\">(English translation not available)<\/h3>\n<p>[\/vc_column_text]\t\t<\/div>\n\t<\/div>\n<\/div><\/div>[vc_empty_space height=&#8221;20px&#8221;][\/vc_column][vc_column width=&#8221;2\/3&#8243;]<div class=\"eltd-elements-holder   eltd-one-column  eltd-responsive-mode-768 \" ><div class=\"eltd-eh-item    \"  data-item-class=\"eltd-eh-custom-7523\" data-1024-1280=\"20px 30px 0 0px\">\n\t<div class=\"eltd-eh-item-inner\">\n\t\t<div class=\"eltd-eh-item-content eltd-eh-custom-7523\" style=\"padding: 20px 0 0 0\">\n\t\t\t[vc_column_text]Agriturismo Summer con sede in Via della Penna, 5 Verni \u2013 Gallicano in qualit\u00e0 di titolare del trattamento dei dati personali nella figura del ResponsabileSilvia Benedetti, La informa, ai sensi dell\u2019art.13 del D.Lgs.196\/2003, che i dati personali da noi acquisiti saranno trattati nel rispetto delle prescrizioni in vigore. I dati da Lei forniti saranno destinati ad un uso esclusivamente interno finalizzato alla registrazione dell&#8217;utente, attivare nei suoi confronti il servizio richiesto, fornirgli informazioni sull&#8217;attivit\u00e0 ed i servizi,alla comunicazione di informazioni importanti relative alla sua prenotazione ed al suo soggiorno, nonch\u00e8 sulle iniziative e le attivit\u00e0 promosse dalla stessa, all\u2019invio di materiale informativo e pubblicitario. La natura del conferimento dei dati richiesti \u00e8 facoltativa, tuttavia la definizione incompleta dei campi obbligatori comporta l\u2019impossibilit\u00e0 di erogare il Servizio da Voi richiesto. Il trattamento sar\u00e0 effettuato mediante l\u2019utilizzo di sistemi manuali o automatizzati da soggetti autorizzati all\u2019assolvimento di tali compiti, identificati ai sensi di legge ed edotti dei vincoli imposti dal D.Lgs.196\/2003. Il trattamento avverr\u00e0 con l\u2019impiego di misure atte a garantire la riservatezza dei dati ed evitare l\u2019accesso ai dati stessi da parte di soggetti terzi non autorizzati . In relazione ai dati medesimi Le comunichiamo che potr\u00e0 esercitare i diritti previsti all\u2019art.7 ss del D.Lgs.196\/2003 mediante semplice richiesta scritta alla scrivente.[\/vc_column_text]\t\t<\/div>\n\t<\/div>\n<\/div><\/div>[vc_empty_space height=&#8221;10px&#8221;][\/vc_column][\/vc_row]<\/p>\n<\/div>","protected":false},"excerpt":{"rendered":"<p>[vc_row row_content_width=&#8221;grid&#8221; css=&#8221;.vc_custom_1740060710731{padding-bottom: 20px !important;}&#8221;][vc_column width=&#8221;1\/3&#8243;][vc_empty_space height=&#8221;20px&#8221;][\/vc_column][vc_column width=&#8221;2\/3&#8243;][vc_empty_space height=&#8221;10px&#8221;][\/vc_column][\/vc_row]<\/p>\n","protected":false},"author":1,"featured_media":0,"parent":0,"menu_order":0,"comment_status":"closed","ping_status":"closed","template":"full-width.php","meta":{"_acf_changed":false,"footnotes":""},"categoria-pagine":[],"class_list":["post-6396","page","type-page","status-publish","hentry"],"acf":[],"yoast_head":"<!-- This site is optimized with the Yoast SEO plugin v24.6 - https:\/\/yoast.com\/wordpress\/plugins\/seo\/ -->\n<title>Privacy - Agriturismo Summer<\/title>\n<meta name=\"robots\" content=\"noindex, follow, max-snippet:-1, max-image-preview:large, max-video-preview:-1\" \/>\n<meta property=\"og:locale\" content=\"en_US\" \/>\n<meta property=\"og:type\" content=\"article\" \/>\n<meta property=\"og:title\" content=\"Privacy - Agriturismo Summer\" \/>\n<meta property=\"og:description\" content=\"[vc_row row_content_width=&#8221;grid&#8221; css=&#8221;.vc_custom_1740060710731{padding-bottom: 20px !important;}&#8221;][vc_column width=&#8221;1\/3&#8243;][vc_empty_space height=&#8221;20px&#8221;][\/vc_column][vc_column width=&#8221;2\/3&#8243;][vc_empty_space height=&#8221;10px&#8221;][\/vc_column][\/vc_row]\" \/>\n<meta property=\"og:url\" content=\"https:\/\/www.agriturismosummer.eu\/en\/privacy\/\" \/>\n<meta property=\"og:site_name\" content=\"Agriturismo Summer\" \/>\n<meta property=\"article:publisher\" content=\"https:\/\/www.facebook.com\/profile.php?id=100089467880393\" \/>\n<meta property=\"article:modified_time\" content=\"2025-03-11T14:42:19+00:00\" \/>\n<meta name=\"twitter:card\" content=\"summary_large_image\" \/>\n<meta name=\"twitter:label1\" content=\"Est. reading time\" \/>\n\t<meta name=\"twitter:data1\" content=\"2 minutes\" \/>\n<script type=\"application\/ld+json\" class=\"yoast-schema-graph\">{\"@context\":\"https:\/\/schema.org\",\"@graph\":[{\"@type\":\"WebPage\",\"@id\":\"https:\/\/www.agriturismosummer.eu\/en\/privacy\/\",\"url\":\"https:\/\/www.agriturismosummer.eu\/en\/privacy\/\",\"name\":\"Privacy - Agriturismo Summer\",\"isPartOf\":{\"@id\":\"https:\/\/www.agriturismosummer.eu\/#website\"},\"datePublished\":\"2025-03-07T09:55:56+00:00\",\"dateModified\":\"2025-03-11T14:42:19+00:00\",\"breadcrumb\":{\"@id\":\"https:\/\/www.agriturismosummer.eu\/en\/privacy\/#breadcrumb\"},\"inLanguage\":\"en-US\",\"potentialAction\":[{\"@type\":\"ReadAction\",\"target\":[\"https:\/\/www.agriturismosummer.eu\/en\/privacy\/\"]}]},{\"@type\":\"BreadcrumbList\",\"@id\":\"https:\/\/www.agriturismosummer.eu\/en\/privacy\/#breadcrumb\",\"itemListElement\":[{\"@type\":\"ListItem\",\"position\":1,\"name\":\"Home\",\"item\":\"https:\/\/www.agriturismosummer.eu\/en\/\"},{\"@type\":\"ListItem\",\"position\":2,\"name\":\"Privacy\"}]},{\"@type\":\"WebSite\",\"@id\":\"https:\/\/www.agriturismosummer.eu\/#website\",\"url\":\"https:\/\/www.agriturismosummer.eu\/\",\"name\":\"Agriturismo Summer\",\"description\":\"\",\"publisher\":{\"@id\":\"https:\/\/www.agriturismosummer.eu\/#organization\"},\"potentialAction\":[{\"@type\":\"SearchAction\",\"target\":{\"@type\":\"EntryPoint\",\"urlTemplate\":\"https:\/\/www.agriturismosummer.eu\/?s={search_term_string}\"},\"query-input\":{\"@type\":\"PropertyValueSpecification\",\"valueRequired\":true,\"valueName\":\"search_term_string\"}}],\"inLanguage\":\"en-US\"},{\"@type\":\"Organization\",\"@id\":\"https:\/\/www.agriturismosummer.eu\/#organization\",\"name\":\"Agriturismo Summer\",\"url\":\"https:\/\/www.agriturismosummer.eu\/\",\"logo\":{\"@type\":\"ImageObject\",\"inLanguage\":\"en-US\",\"@id\":\"https:\/\/www.agriturismosummer.eu\/#\/schema\/logo\/image\/\",\"url\":\"https:\/\/www.agriturismosummer.eu\/wp-content\/uploads\/2025\/02\/Logo-agriturismo-summer.png\",\"contentUrl\":\"https:\/\/www.agriturismosummer.eu\/wp-content\/uploads\/2025\/02\/Logo-agriturismo-summer.png\",\"width\":1090,\"height\":278,\"caption\":\"Agriturismo Summer\"},\"image\":{\"@id\":\"https:\/\/www.agriturismosummer.eu\/#\/schema\/logo\/image\/\"},\"sameAs\":[\"https:\/\/www.facebook.com\/profile.php?id=100089467880393\"]}]}<\/script>\n<!-- \/ Yoast SEO plugin. -->","yoast_head_json":{"title":"Privacy - Agriturismo Summer","robots":{"index":"noindex","follow":"follow","max-snippet":"max-snippet:-1","max-image-preview":"max-image-preview:large","max-video-preview":"max-video-preview:-1"},"og_locale":"en_US","og_type":"article","og_title":"Privacy - Agriturismo Summer","og_description":"[vc_row row_content_width=&#8221;grid&#8221; css=&#8221;.vc_custom_1740060710731{padding-bottom: 20px !important;}&#8221;][vc_column width=&#8221;1\/3&#8243;][vc_empty_space height=&#8221;20px&#8221;][\/vc_column][vc_column width=&#8221;2\/3&#8243;][vc_empty_space height=&#8221;10px&#8221;][\/vc_column][\/vc_row]","og_url":"https:\/\/www.agriturismosummer.eu\/en\/privacy\/","og_site_name":"Agriturismo Summer","article_publisher":"https:\/\/www.facebook.com\/profile.php?id=100089467880393","article_modified_time":"2025-03-11T14:42:19+00:00","twitter_card":"summary_large_image","twitter_misc":{"Est. reading time":"2 minutes"},"schema":{"@context":"https:\/\/schema.org","@graph":[{"@type":"WebPage","@id":"https:\/\/www.agriturismosummer.eu\/en\/privacy\/","url":"https:\/\/www.agriturismosummer.eu\/en\/privacy\/","name":"Privacy - Agriturismo Summer","isPartOf":{"@id":"https:\/\/www.agriturismosummer.eu\/#website"},"datePublished":"2025-03-07T09:55:56+00:00","dateModified":"2025-03-11T14:42:19+00:00","breadcrumb":{"@id":"https:\/\/www.agriturismosummer.eu\/en\/privacy\/#breadcrumb"},"inLanguage":"en-US","potentialAction":[{"@type":"ReadAction","target":["https:\/\/www.agriturismosummer.eu\/en\/privacy\/"]}]},{"@type":"BreadcrumbList","@id":"https:\/\/www.agriturismosummer.eu\/en\/privacy\/#breadcrumb","itemListElement":[{"@type":"ListItem","position":1,"name":"Home","item":"https:\/\/www.agriturismosummer.eu\/en\/"},{"@type":"ListItem","position":2,"name":"Privacy"}]},{"@type":"WebSite","@id":"https:\/\/www.agriturismosummer.eu\/#website","url":"https:\/\/www.agriturismosummer.eu\/","name":"Agriturismo Summer","description":"","publisher":{"@id":"https:\/\/www.agriturismosummer.eu\/#organization"},"potentialAction":[{"@type":"SearchAction","target":{"@type":"EntryPoint","urlTemplate":"https:\/\/www.agriturismosummer.eu\/?s={search_term_string}"},"query-input":{"@type":"PropertyValueSpecification","valueRequired":true,"valueName":"search_term_string"}}],"inLanguage":"en-US"},{"@type":"Organization","@id":"https:\/\/www.agriturismosummer.eu\/#organization","name":"Agriturismo Summer","url":"https:\/\/www.agriturismosummer.eu\/","logo":{"@type":"ImageObject","inLanguage":"en-US","@id":"https:\/\/www.agriturismosummer.eu\/#\/schema\/logo\/image\/","url":"https:\/\/www.agriturismosummer.eu\/wp-content\/uploads\/2025\/02\/Logo-agriturismo-summer.png","contentUrl":"https:\/\/www.agriturismosummer.eu\/wp-content\/uploads\/2025\/02\/Logo-agriturismo-summer.png","width":1090,"height":278,"caption":"Agriturismo Summer"},"image":{"@id":"https:\/\/www.agriturismosummer.eu\/#\/schema\/logo\/image\/"},"sameAs":["https:\/\/www.facebook.com\/profile.php?id=100089467880393"]}]}},"_links":{"self":[{"href":"https:\/\/www.agriturismosummer.eu\/en\/wp-json\/wp\/v2\/pages\/6396","targetHints":{"allow":["GET"]}}],"collection":[{"href":"https:\/\/www.agriturismosummer.eu\/en\/wp-json\/wp\/v2\/pages"}],"about":[{"href":"https:\/\/www.agriturismosummer.eu\/en\/wp-json\/wp\/v2\/types\/page"}],"author":[{"embeddable":true,"href":"https:\/\/www.agriturismosummer.eu\/en\/wp-json\/wp\/v2\/users\/1"}],"replies":[{"embeddable":true,"href":"https:\/\/www.agriturismosummer.eu\/en\/wp-json\/wp\/v2\/comments?post=6396"}],"version-history":[{"count":1,"href":"https:\/\/www.agriturismosummer.eu\/en\/wp-json\/wp\/v2\/pages\/6396\/revisions"}],"predecessor-version":[{"id":6397,"href":"https:\/\/www.agriturismosummer.eu\/en\/wp-json\/wp\/v2\/pages\/6396\/revisions\/6397"}],"wp:attachment":[{"href":"https:\/\/www.agriturismosummer.eu\/en\/wp-json\/wp\/v2\/media?parent=6396"}],"wp:term":[{"taxonomy":"categoria-pagine","embeddable":true,"href":"https:\/\/www.agriturismosummer.eu\/en\/wp-json\/wp\/v2\/categoria-pagine?post=6396"}],"curies":[{"name":"wp","href":"https:\/\/api.w.org\/{rel}","templated":true}]}}